{"id":84,"date":"2015-02-25T00:23:12","date_gmt":"2015-02-25T00:23:12","guid":{"rendered":"http:\/\/eisele-getriebe.com\/wordpress\/?page_id=84"},"modified":"2018-03-20T18:44:22","modified_gmt":"2018-03-20T18:44:22","slug":"legal","status":"publish","type":"page","link":"https:\/\/eisele-getriebe.de\/home\/legal\/","title":{"rendered":"Legal"},"content":{"rendered":"<p>Eisele Antriebstechnik GmbH<br \/>\nVor dem Wei\u00dfen Stein 17<br \/>\n72461 Albstadt-Tailfingen<\/p>\n<p>fon: +49 &#8211; 7432 &#8211; 9 80 21-0<br \/>\nfax: +49 &#8211; 7432 &#8211; 9 80 21-29<\/p>\n<p>email: info@eisele-getriebe.de<\/p>\n<p>Vertretungsberechtigte Gesch\u00e4ftsf\u00fchrer:<br \/>\nReinhard G\u00f6z, Susanne Bitzer<\/p>\n<p>Amtsgericht Albstadt: HRB 401331<br \/>\nUmsatzsteuer-ID: DE 813673349<\/p>\n<p><a href=\"https:\/\/eisele-getriebe.com\/wordpress\/wp-content\/uploads\/2015\/02\/AGB.pdf\">Allgmeine Gesch\u00e4ftsbedingungen<\/a><\/p>\n<p>&nbsp;<\/p>\n<p><strong>Limitation of liability for internal content<\/strong><\/p>\n<p>The content of our website has been compiled with meticulous care and to the best of our knowledge. However, we cannot assume any liability for the up-to-dateness, completeness or accuracy of any of the pages.<\/p>\n<p>Pursuant to section 7, para. 1 of the TMG (Telemediengesetz \u2013  Tele Media Act by German law), we as service providers are liable for our own content on these pages in accordance with general laws. However, pursuant to sections 8 to 10 of the TMG, we as service providers are not under obligation to monitor external information provided or stored on our website. Once we have become aware of a specific infringement of the law, we will immediately remove the content in question. Any liability concerning this matter can only be assumed from the point in time at which the infringement becomes known to us.<\/p>\n<p><strong>Limitation of liability for external links<\/strong><\/p>\n<p>Our website contains links to the websites of third parties (\u201cexternal links\u201d). As the content of these websites is not under our control, we cannot assume any liability for such external content. In all cases, the provider of information of the linked websites is liable for the content and accuracy of the information provided. At the point in time when the links were placed, no infringements of the law were recognisable to us. As soon as an infringement of the law becomes known to us, we will immediately remove the link in question.<\/p>\n<p><strong>Copyright<\/strong><\/p>\n<p>The content and works published on this website are governed by the copyright laws of Germany. Any duplication, processing, distribution or any form of utilisation beyond the scope of copyright law shall require the prior written consent of the author or authors in question.<\/p>\n<p>Konzeption und Umsetzung<br \/>\nWerbeagentur Stuttgart Jovi Medien<\/p>\n","protected":false},"excerpt":{"rendered":"<p>Eisele Antriebstechnik GmbH Vor dem Wei\u00dfen Stein 17 72461 Albstadt-Tailfingen fon: +49 &#8211; 7432 &#8211; 9 80 21-0 fax: +49 &#8211; 7432 &#8211; 9 80 21-29 email: info@eisele-getriebe.de Vertretungsberechtigte Gesch\u00e4ftsf\u00fchrer: Reinhard G\u00f6z, Susanne Bitzer Amtsgericht Albstadt: HRB 401331 Umsatzsteuer-ID: DE 813673349 Allgmeine Gesch\u00e4ftsbedingungen &nbsp; Limitation of liability for internal content The content of our website [&hellip;]<\/p>\n","protected":false},"author":1,"featured_media":0,"parent":0,"menu_order":0,"comment_status":"open","ping_status":"open","template":"home.php","meta":{"footnotes":""},"class_list":["post-84","page","type-page","status-publish","hentry"],"yoast_head":"<!-- This site is optimized with the Yoast SEO plugin v23.8 - https:\/\/yoast.com\/wordpress\/plugins\/seo\/ -->\n<title>Legal | Eisele Antriebstechnik<\/title>\n<meta name=\"robots\" content=\"index, follow, max-snippet:-1, max-image-preview:large, max-video-preview:-1\" \/>\n<link rel=\"canonical\" href=\"https:\/\/eisele-getriebe.de\/home\/legal\/\" \/>\n<meta property=\"og:locale\" content=\"de_DE\" \/>\n<meta property=\"og:type\" content=\"article\" \/>\n<meta property=\"og:title\" content=\"Legal | Eisele Antriebstechnik\" \/>\n<meta property=\"og:description\" content=\"Eisele Antriebstechnik GmbH Vor dem Wei\u00dfen Stein 17 72461 Albstadt-Tailfingen fon: +49 &#8211; 7432 &#8211; 9 80 21-0 fax: +49 &#8211; 7432 &#8211; 9 80 21-29 email: info@eisele-getriebe.de Vertretungsberechtigte Gesch\u00e4ftsf\u00fchrer: Reinhard G\u00f6z, Susanne Bitzer Amtsgericht Albstadt: HRB 401331 Umsatzsteuer-ID: DE 813673349 Allgmeine Gesch\u00e4ftsbedingungen &nbsp; Limitation of liability for internal content The content of our website [&hellip;]\" \/>\n<meta property=\"og:url\" content=\"https:\/\/eisele-getriebe.de\/home\/legal\/\" \/>\n<meta property=\"og:site_name\" content=\"Eisele Antriebstechnik\" \/>\n<meta property=\"article:modified_time\" content=\"2018-03-20T18:44:22+00:00\" \/>\n<meta name=\"twitter:card\" content=\"summary_large_image\" \/>\n<meta name=\"twitter:label1\" content=\"Gesch\u00e4tzte Lesezeit\" \/>\n\t<meta name=\"twitter:data1\" content=\"2\u00a0Minuten\" \/>\n<script type=\"application\/ld+json\" class=\"yoast-schema-graph\">{\"@context\":\"https:\/\/schema.org\",\"@graph\":[{\"@type\":\"WebPage\",\"@id\":\"https:\/\/eisele-getriebe.de\/home\/legal\/\",\"url\":\"https:\/\/eisele-getriebe.de\/home\/legal\/\",\"name\":\"Legal | Eisele Antriebstechnik\",\"isPartOf\":{\"@id\":\"https:\/\/eisele-getriebe.de\/home\/#website\"},\"datePublished\":\"2015-02-25T00:23:12+00:00\",\"dateModified\":\"2018-03-20T18:44:22+00:00\",\"breadcrumb\":{\"@id\":\"https:\/\/eisele-getriebe.de\/home\/legal\/#breadcrumb\"},\"inLanguage\":\"de\",\"potentialAction\":[{\"@type\":\"ReadAction\",\"target\":[\"https:\/\/eisele-getriebe.de\/home\/legal\/\"]}]},{\"@type\":\"BreadcrumbList\",\"@id\":\"https:\/\/eisele-getriebe.de\/home\/legal\/#breadcrumb\",\"itemListElement\":[{\"@type\":\"ListItem\",\"position\":1,\"name\":\"Startseite\",\"item\":\"https:\/\/eisele-getriebe.de\/home\/startseite\/\"},{\"@type\":\"ListItem\",\"position\":2,\"name\":\"Legal\"}]},{\"@type\":\"WebSite\",\"@id\":\"https:\/\/eisele-getriebe.de\/home\/#website\",\"url\":\"https:\/\/eisele-getriebe.de\/home\/\",\"name\":\"Eisele Antriebstechnik\",\"description\":\"Hersteller von Planetengetrieben\",\"publisher\":{\"@id\":\"https:\/\/eisele-getriebe.de\/home\/#organization\"},\"potentialAction\":[{\"@type\":\"SearchAction\",\"target\":{\"@type\":\"EntryPoint\",\"urlTemplate\":\"https:\/\/eisele-getriebe.de\/home\/?s={search_term_string}\"},\"query-input\":{\"@type\":\"PropertyValueSpecification\",\"valueRequired\":true,\"valueName\":\"search_term_string\"}}],\"inLanguage\":\"de\"},{\"@type\":\"Organization\",\"@id\":\"https:\/\/eisele-getriebe.de\/home\/#organization\",\"name\":\"Eisele Antriebstechnik GmbH\",\"url\":\"https:\/\/eisele-getriebe.de\/home\/\",\"logo\":{\"@type\":\"ImageObject\",\"inLanguage\":\"de\",\"@id\":\"https:\/\/eisele-getriebe.de\/home\/#\/schema\/logo\/image\/\",\"url\":\"https:\/\/eisele-getriebe.com\/wordpress\/wp-content\/uploads\/2015\/02\/eisele_getriebe_albstadt1.jpg\",\"contentUrl\":\"https:\/\/eisele-getriebe.com\/wordpress\/wp-content\/uploads\/2015\/02\/eisele_getriebe_albstadt1.jpg\",\"width\":300,\"height\":197,\"caption\":\"Eisele Antriebstechnik GmbH\"},\"image\":{\"@id\":\"https:\/\/eisele-getriebe.de\/home\/#\/schema\/logo\/image\/\"}}]}<\/script>\n<!-- \/ Yoast SEO plugin. -->","yoast_head_json":{"title":"Legal | Eisele Antriebstechnik","robots":{"index":"index","follow":"follow","max-snippet":"max-snippet:-1","max-image-preview":"max-image-preview:large","max-video-preview":"max-video-preview:-1"},"canonical":"https:\/\/eisele-getriebe.de\/home\/legal\/","og_locale":"de_DE","og_type":"article","og_title":"Legal | Eisele Antriebstechnik","og_description":"Eisele Antriebstechnik GmbH Vor dem Wei\u00dfen Stein 17 72461 Albstadt-Tailfingen fon: +49 &#8211; 7432 &#8211; 9 80 21-0 fax: +49 &#8211; 7432 &#8211; 9 80 21-29 email: info@eisele-getriebe.de Vertretungsberechtigte Gesch\u00e4ftsf\u00fchrer: Reinhard G\u00f6z, Susanne Bitzer Amtsgericht Albstadt: HRB 401331 Umsatzsteuer-ID: DE 813673349 Allgmeine Gesch\u00e4ftsbedingungen &nbsp; Limitation of liability for internal content The content of our website [&hellip;]","og_url":"https:\/\/eisele-getriebe.de\/home\/legal\/","og_site_name":"Eisele Antriebstechnik","article_modified_time":"2018-03-20T18:44:22+00:00","twitter_card":"summary_large_image","twitter_misc":{"Gesch\u00e4tzte Lesezeit":"2\u00a0Minuten"},"schema":{"@context":"https:\/\/schema.org","@graph":[{"@type":"WebPage","@id":"https:\/\/eisele-getriebe.de\/home\/legal\/","url":"https:\/\/eisele-getriebe.de\/home\/legal\/","name":"Legal | Eisele Antriebstechnik","isPartOf":{"@id":"https:\/\/eisele-getriebe.de\/home\/#website"},"datePublished":"2015-02-25T00:23:12+00:00","dateModified":"2018-03-20T18:44:22+00:00","breadcrumb":{"@id":"https:\/\/eisele-getriebe.de\/home\/legal\/#breadcrumb"},"inLanguage":"de","potentialAction":[{"@type":"ReadAction","target":["https:\/\/eisele-getriebe.de\/home\/legal\/"]}]},{"@type":"BreadcrumbList","@id":"https:\/\/eisele-getriebe.de\/home\/legal\/#breadcrumb","itemListElement":[{"@type":"ListItem","position":1,"name":"Startseite","item":"https:\/\/eisele-getriebe.de\/home\/startseite\/"},{"@type":"ListItem","position":2,"name":"Legal"}]},{"@type":"WebSite","@id":"https:\/\/eisele-getriebe.de\/home\/#website","url":"https:\/\/eisele-getriebe.de\/home\/","name":"Eisele Antriebstechnik","description":"Hersteller von Planetengetrieben","publisher":{"@id":"https:\/\/eisele-getriebe.de\/home\/#organization"},"potentialAction":[{"@type":"SearchAction","target":{"@type":"EntryPoint","urlTemplate":"https:\/\/eisele-getriebe.de\/home\/?s={search_term_string}"},"query-input":{"@type":"PropertyValueSpecification","valueRequired":true,"valueName":"search_term_string"}}],"inLanguage":"de"},{"@type":"Organization","@id":"https:\/\/eisele-getriebe.de\/home\/#organization","name":"Eisele Antriebstechnik GmbH","url":"https:\/\/eisele-getriebe.de\/home\/","logo":{"@type":"ImageObject","inLanguage":"de","@id":"https:\/\/eisele-getriebe.de\/home\/#\/schema\/logo\/image\/","url":"https:\/\/eisele-getriebe.com\/wordpress\/wp-content\/uploads\/2015\/02\/eisele_getriebe_albstadt1.jpg","contentUrl":"https:\/\/eisele-getriebe.com\/wordpress\/wp-content\/uploads\/2015\/02\/eisele_getriebe_albstadt1.jpg","width":300,"height":197,"caption":"Eisele Antriebstechnik GmbH"},"image":{"@id":"https:\/\/eisele-getriebe.de\/home\/#\/schema\/logo\/image\/"}}]}},"_links":{"self":[{"href":"https:\/\/eisele-getriebe.de\/home\/wp-json\/wp\/v2\/pages\/84"}],"collection":[{"href":"https:\/\/eisele-getriebe.de\/home\/wp-json\/wp\/v2\/pages"}],"about":[{"href":"https:\/\/eisele-getriebe.de\/home\/wp-json\/wp\/v2\/types\/page"}],"author":[{"embeddable":true,"href":"https:\/\/eisele-getriebe.de\/home\/wp-json\/wp\/v2\/users\/1"}],"replies":[{"embeddable":true,"href":"https:\/\/eisele-getriebe.de\/home\/wp-json\/wp\/v2\/comments?post=84"}],"version-history":[{"count":6,"href":"https:\/\/eisele-getriebe.de\/home\/wp-json\/wp\/v2\/pages\/84\/revisions"}],"predecessor-version":[{"id":2478,"href":"https:\/\/eisele-getriebe.de\/home\/wp-json\/wp\/v2\/pages\/84\/revisions\/2478"}],"wp:attachment":[{"href":"https:\/\/eisele-getriebe.de\/home\/wp-json\/wp\/v2\/media?parent=84"}],"curies":[{"name":"wp","href":"https:\/\/api.w.org\/{rel}","templated":true}]}}