{"id":80,"date":"2015-02-25T00:22:15","date_gmt":"2015-02-25T00:22:15","guid":{"rendered":"http:\/\/eisele-getriebe.com\/wordpress\/?page_id=80"},"modified":"2018-03-20T18:43:58","modified_gmt":"2018-03-20T18:43:58","slug":"impressum","status":"publish","type":"page","link":"https:\/\/eisele-getriebe.de\/home\/impressum\/","title":{"rendered":"Impressum"},"content":{"rendered":"<p>Eisele Antriebstechnik GmbH<br \/>\nVor dem Wei\u00dfen Stein 17<br \/>\n72461 Albstadt-Tailfingen<\/p>\n<p>&nbsp;<\/p>\n<p>Telefon: +49 &#8211; 7432 &#8211; 9 80 21-0<br \/>\nTelefax: +49 &#8211; 7432 &#8211; 9 80 21-29<\/p>\n<p>E-Mail: info@eisele-getriebe.de<\/p>\n<p>Vertretungsberechtigte Gesch\u00e4ftsf\u00fchrer:<br \/>\nReinhard G\u00f6z, Susanne Bitzer<\/p>\n<p>Amtsgericht Albstadt: HRB 401331<br \/>\nUmsatzsteuer-ID: DE 813673349<\/p>\n<p><a href=\"https:\/\/eisele-getriebe.com\/wordpress\/wp-content\/uploads\/2015\/02\/AGB1.pdf\">Allgemeine Gesch\u00e4ftsbedingungen<\/a><\/p>\n<p>&nbsp;<\/p>\n<p>\n<strong>Disclaimer \u2013 rechtliche Hinweise<\/strong><\/p>\n<p>\n<strong>1. Haftungsbeschr\u00e4nkung<\/strong><br \/>\nDie Inhalte des Internetauftritts wurden mit gr\u00f6\u00dftm\u00f6glicher Sorgfalt und nach bestem Gewissen erstellt. Dennoch \u00fcbernimmt der Anbieter dieser Webseite keine Gew\u00e4hr f\u00fcr die Aktualit\u00e4t, Vollst\u00e4ndigkeit und Richtigkeit der bereitgestellten Seiten und Inhalte.<\/p>\n<p>Als Diensteanbieter ist der Anbieter dieser Webseite gem\u00e4\u00df \u00a7 7 Abs. 1 TMG f\u00fcr eigene Inhalte und bereitgestellte Informationen auf diesen Seiten nach den allgemeinen Gesetzen verantwortlich; nach den \u00a7\u00a7 8 bis 10 TMG jedoch nicht verpflichtet, die \u00fcbermittelten oder gespeicherten fremden Informationen zu \u00fcberwachen. Eine Entfernung oder Sperrung dieser Inhalte erfolgt umgehend ab dem Zeitpunkt der Kenntnis einer konkreten Rechtsverletzung. Eine Haftung ist erst ab dem Zeitpunkt der Kenntniserlangung m\u00f6glich.<\/p>\n<p><strong>2. Externe Links<\/strong><br \/>\nDie Webseite enth\u00e4lt sog. \u201eexterne Links\u201c (Verlinkungen) zu anderen Webseiten, auf deren Inhalt der Anbieter der Webseite keinen Einfluss hat. Aus diesem Grund kann der Anbieter f\u00fcr diese Inhalte auch keine Gew\u00e4hr \u00fcbernehmen.<br \/>\nF\u00fcr die Inhalte und Richtigkeit der bereitgestellten Informationen ist der jeweilige Anbieter der verlinkten Webseite verantwortlich. Zum Zeitpunkt der Verlinkung waren keine Rechtsverst\u00f6\u00dfe erkennbar. Bei Bekanntwerden einer solchen Rechtsverletzung wird der Link umgehend entfernen. <\/p>\n<p><strong>3. Urheberrecht\/Leistungsschutzrecht<\/strong><br \/>\nDie auf dieser Webseite ver\u00f6ffentlichten Inhalte, Werke und bereitgestellten Informationen unterliegen dem deutschen Urheberrecht und Leistungsschutzrecht. Jede Art der Vervielf\u00e4ltigung, Bearbeitung, Verbreitung, Einspeicherung und jede Art der Verwertung au\u00dferhalb der Grenzen des Urheberrechts bedarf der vorherigen schriftlichen Zustimmung des jeweiligen Rechteinhabers. Das unerlaubte Kopieren\/Speichern der bereitgestellten Informationen auf diesen Webseiten ist nicht gestattet und strafbar. <\/p>\n<p>Konzeption und Umsetzung<br \/>\nWerbeagentur Stuttgart Jovi Medien<\/p>\n","protected":false},"excerpt":{"rendered":"<p>Eisele Antriebstechnik GmbH Vor dem Wei\u00dfen Stein 17 72461 Albstadt-Tailfingen &nbsp; Telefon: +49 &#8211; 7432 &#8211; 9 80 21-0 Telefax: +49 &#8211; 7432 &#8211; 9 80 21-29 E-Mail: info@eisele-getriebe.de Vertretungsberechtigte Gesch\u00e4ftsf\u00fchrer: Reinhard G\u00f6z, Susanne Bitzer Amtsgericht Albstadt: HRB 401331 Umsatzsteuer-ID: DE 813673349 Allgemeine Gesch\u00e4ftsbedingungen &nbsp; Disclaimer \u2013 rechtliche Hinweise 1. Haftungsbeschr\u00e4nkung Die Inhalte des Internetauftritts [&hellip;]<\/p>\n","protected":false},"author":1,"featured_media":0,"parent":0,"menu_order":0,"comment_status":"open","ping_status":"open","template":"home.php","meta":{"footnotes":""},"class_list":["post-80","page","type-page","status-publish","hentry"],"yoast_head":"<!-- This site is optimized with the Yoast SEO plugin v23.8 - https:\/\/yoast.com\/wordpress\/plugins\/seo\/ -->\n<title>Impressum | Eisele Antriebstechnik<\/title>\n<meta name=\"robots\" content=\"index, follow, max-snippet:-1, max-image-preview:large, max-video-preview:-1\" \/>\n<link rel=\"canonical\" href=\"https:\/\/eisele-getriebe.de\/home\/impressum\/\" \/>\n<meta property=\"og:locale\" content=\"de_DE\" \/>\n<meta property=\"og:type\" content=\"article\" \/>\n<meta property=\"og:title\" content=\"Impressum | Eisele Antriebstechnik\" \/>\n<meta property=\"og:description\" content=\"Eisele Antriebstechnik GmbH Vor dem Wei\u00dfen Stein 17 72461 Albstadt-Tailfingen &nbsp; Telefon: +49 &#8211; 7432 &#8211; 9 80 21-0 Telefax: +49 &#8211; 7432 &#8211; 9 80 21-29 E-Mail: info@eisele-getriebe.de Vertretungsberechtigte Gesch\u00e4ftsf\u00fchrer: Reinhard G\u00f6z, Susanne Bitzer Amtsgericht Albstadt: HRB 401331 Umsatzsteuer-ID: DE 813673349 Allgemeine Gesch\u00e4ftsbedingungen &nbsp; Disclaimer \u2013 rechtliche Hinweise 1. Haftungsbeschr\u00e4nkung Die Inhalte des Internetauftritts [&hellip;]\" \/>\n<meta property=\"og:url\" content=\"https:\/\/eisele-getriebe.de\/home\/impressum\/\" \/>\n<meta property=\"og:site_name\" content=\"Eisele Antriebstechnik\" \/>\n<meta property=\"article:modified_time\" content=\"2018-03-20T18:43:58+00:00\" \/>\n<meta name=\"twitter:card\" content=\"summary_large_image\" \/>\n<meta name=\"twitter:label1\" content=\"Gesch\u00e4tzte Lesezeit\" \/>\n\t<meta name=\"twitter:data1\" content=\"1\u00a0Minute\" \/>\n<script type=\"application\/ld+json\" class=\"yoast-schema-graph\">{\"@context\":\"https:\/\/schema.org\",\"@graph\":[{\"@type\":\"WebPage\",\"@id\":\"https:\/\/eisele-getriebe.de\/home\/impressum\/\",\"url\":\"https:\/\/eisele-getriebe.de\/home\/impressum\/\",\"name\":\"Impressum | Eisele Antriebstechnik\",\"isPartOf\":{\"@id\":\"https:\/\/eisele-getriebe.de\/home\/#website\"},\"datePublished\":\"2015-02-25T00:22:15+00:00\",\"dateModified\":\"2018-03-20T18:43:58+00:00\",\"breadcrumb\":{\"@id\":\"https:\/\/eisele-getriebe.de\/home\/impressum\/#breadcrumb\"},\"inLanguage\":\"de\",\"potentialAction\":[{\"@type\":\"ReadAction\",\"target\":[\"https:\/\/eisele-getriebe.de\/home\/impressum\/\"]}]},{\"@type\":\"BreadcrumbList\",\"@id\":\"https:\/\/eisele-getriebe.de\/home\/impressum\/#breadcrumb\",\"itemListElement\":[{\"@type\":\"ListItem\",\"position\":1,\"name\":\"Startseite\",\"item\":\"https:\/\/eisele-getriebe.de\/home\/startseite\/\"},{\"@type\":\"ListItem\",\"position\":2,\"name\":\"Impressum\"}]},{\"@type\":\"WebSite\",\"@id\":\"https:\/\/eisele-getriebe.de\/home\/#website\",\"url\":\"https:\/\/eisele-getriebe.de\/home\/\",\"name\":\"Eisele Antriebstechnik\",\"description\":\"Hersteller von Planetengetrieben\",\"publisher\":{\"@id\":\"https:\/\/eisele-getriebe.de\/home\/#organization\"},\"potentialAction\":[{\"@type\":\"SearchAction\",\"target\":{\"@type\":\"EntryPoint\",\"urlTemplate\":\"https:\/\/eisele-getriebe.de\/home\/?s={search_term_string}\"},\"query-input\":{\"@type\":\"PropertyValueSpecification\",\"valueRequired\":true,\"valueName\":\"search_term_string\"}}],\"inLanguage\":\"de\"},{\"@type\":\"Organization\",\"@id\":\"https:\/\/eisele-getriebe.de\/home\/#organization\",\"name\":\"Eisele Antriebstechnik GmbH\",\"url\":\"https:\/\/eisele-getriebe.de\/home\/\",\"logo\":{\"@type\":\"ImageObject\",\"inLanguage\":\"de\",\"@id\":\"https:\/\/eisele-getriebe.de\/home\/#\/schema\/logo\/image\/\",\"url\":\"https:\/\/eisele-getriebe.com\/wordpress\/wp-content\/uploads\/2015\/02\/eisele_getriebe_albstadt1.jpg\",\"contentUrl\":\"https:\/\/eisele-getriebe.com\/wordpress\/wp-content\/uploads\/2015\/02\/eisele_getriebe_albstadt1.jpg\",\"width\":300,\"height\":197,\"caption\":\"Eisele Antriebstechnik GmbH\"},\"image\":{\"@id\":\"https:\/\/eisele-getriebe.de\/home\/#\/schema\/logo\/image\/\"}}]}<\/script>\n<!-- \/ Yoast SEO plugin. -->","yoast_head_json":{"title":"Impressum | Eisele Antriebstechnik","robots":{"index":"index","follow":"follow","max-snippet":"max-snippet:-1","max-image-preview":"max-image-preview:large","max-video-preview":"max-video-preview:-1"},"canonical":"https:\/\/eisele-getriebe.de\/home\/impressum\/","og_locale":"de_DE","og_type":"article","og_title":"Impressum | Eisele Antriebstechnik","og_description":"Eisele Antriebstechnik GmbH Vor dem Wei\u00dfen Stein 17 72461 Albstadt-Tailfingen &nbsp; Telefon: +49 &#8211; 7432 &#8211; 9 80 21-0 Telefax: +49 &#8211; 7432 &#8211; 9 80 21-29 E-Mail: info@eisele-getriebe.de Vertretungsberechtigte Gesch\u00e4ftsf\u00fchrer: Reinhard G\u00f6z, Susanne Bitzer Amtsgericht Albstadt: HRB 401331 Umsatzsteuer-ID: DE 813673349 Allgemeine Gesch\u00e4ftsbedingungen &nbsp; Disclaimer \u2013 rechtliche Hinweise 1. Haftungsbeschr\u00e4nkung Die Inhalte des Internetauftritts [&hellip;]","og_url":"https:\/\/eisele-getriebe.de\/home\/impressum\/","og_site_name":"Eisele Antriebstechnik","article_modified_time":"2018-03-20T18:43:58+00:00","twitter_card":"summary_large_image","twitter_misc":{"Gesch\u00e4tzte Lesezeit":"1\u00a0Minute"},"schema":{"@context":"https:\/\/schema.org","@graph":[{"@type":"WebPage","@id":"https:\/\/eisele-getriebe.de\/home\/impressum\/","url":"https:\/\/eisele-getriebe.de\/home\/impressum\/","name":"Impressum | Eisele Antriebstechnik","isPartOf":{"@id":"https:\/\/eisele-getriebe.de\/home\/#website"},"datePublished":"2015-02-25T00:22:15+00:00","dateModified":"2018-03-20T18:43:58+00:00","breadcrumb":{"@id":"https:\/\/eisele-getriebe.de\/home\/impressum\/#breadcrumb"},"inLanguage":"de","potentialAction":[{"@type":"ReadAction","target":["https:\/\/eisele-getriebe.de\/home\/impressum\/"]}]},{"@type":"BreadcrumbList","@id":"https:\/\/eisele-getriebe.de\/home\/impressum\/#breadcrumb","itemListElement":[{"@type":"ListItem","position":1,"name":"Startseite","item":"https:\/\/eisele-getriebe.de\/home\/startseite\/"},{"@type":"ListItem","position":2,"name":"Impressum"}]},{"@type":"WebSite","@id":"https:\/\/eisele-getriebe.de\/home\/#website","url":"https:\/\/eisele-getriebe.de\/home\/","name":"Eisele Antriebstechnik","description":"Hersteller von Planetengetrieben","publisher":{"@id":"https:\/\/eisele-getriebe.de\/home\/#organization"},"potentialAction":[{"@type":"SearchAction","target":{"@type":"EntryPoint","urlTemplate":"https:\/\/eisele-getriebe.de\/home\/?s={search_term_string}"},"query-input":{"@type":"PropertyValueSpecification","valueRequired":true,"valueName":"search_term_string"}}],"inLanguage":"de"},{"@type":"Organization","@id":"https:\/\/eisele-getriebe.de\/home\/#organization","name":"Eisele Antriebstechnik GmbH","url":"https:\/\/eisele-getriebe.de\/home\/","logo":{"@type":"ImageObject","inLanguage":"de","@id":"https:\/\/eisele-getriebe.de\/home\/#\/schema\/logo\/image\/","url":"https:\/\/eisele-getriebe.com\/wordpress\/wp-content\/uploads\/2015\/02\/eisele_getriebe_albstadt1.jpg","contentUrl":"https:\/\/eisele-getriebe.com\/wordpress\/wp-content\/uploads\/2015\/02\/eisele_getriebe_albstadt1.jpg","width":300,"height":197,"caption":"Eisele Antriebstechnik GmbH"},"image":{"@id":"https:\/\/eisele-getriebe.de\/home\/#\/schema\/logo\/image\/"}}]}},"_links":{"self":[{"href":"https:\/\/eisele-getriebe.de\/home\/wp-json\/wp\/v2\/pages\/80"}],"collection":[{"href":"https:\/\/eisele-getriebe.de\/home\/wp-json\/wp\/v2\/pages"}],"about":[{"href":"https:\/\/eisele-getriebe.de\/home\/wp-json\/wp\/v2\/types\/page"}],"author":[{"embeddable":true,"href":"https:\/\/eisele-getriebe.de\/home\/wp-json\/wp\/v2\/users\/1"}],"replies":[{"embeddable":true,"href":"https:\/\/eisele-getriebe.de\/home\/wp-json\/wp\/v2\/comments?post=80"}],"version-history":[{"count":8,"href":"https:\/\/eisele-getriebe.de\/home\/wp-json\/wp\/v2\/pages\/80\/revisions"}],"predecessor-version":[{"id":2477,"href":"https:\/\/eisele-getriebe.de\/home\/wp-json\/wp\/v2\/pages\/80\/revisions\/2477"}],"wp:attachment":[{"href":"https:\/\/eisele-getriebe.de\/home\/wp-json\/wp\/v2\/media?parent=80"}],"curies":[{"name":"wp","href":"https:\/\/api.w.org\/{rel}","templated":true}]}}