{"id":46,"date":"2015-02-24T23:01:23","date_gmt":"2015-02-24T23:01:23","guid":{"rendered":"http:\/\/eisele-getriebe.com\/wordpress\/?page_id=46"},"modified":"2021-05-07T10:22:59","modified_gmt":"2021-05-07T09:22:59","slug":"startseite","status":"publish","type":"page","link":"https:\/\/eisele-getriebe.de\/home\/startseite\/","title":{"rendered":"Eisele Antriebstechnik GmbH"},"content":{"rendered":"<p>Wir sind Ihr leistungsstarker und kompetenter Hersteller von Planetengetrieben. Unser Produktportfolio reicht von preiswerten Standardgetrieben \u00fcber spielarme Planetengetriebe bis hin zu effizientesten Sondergetriebeapplikationen.<\/p>\n<p>Mit unserer Kompetenz, basierend auf der langj\u00e4hrigen Erfahrung mit Planetengetrieben und dem Know-How der qualifizierten und motivierten Mitarbeiter, finden wir auch f\u00fcr Sie die ma\u00dfgeschneiderte Antriebsl\u00f6sung.<\/p>\n<p>Wir freuen uns auf Ihre Anfrage!<\/p>\n","protected":false},"excerpt":{"rendered":"<p>Wir sind Ihr leistungsstarker und kompetenter Hersteller von Planetengetrieben. Unser Produktportfolio reicht von preiswerten Standardgetrieben \u00fcber spielarme Planetengetriebe bis hin zu effizientesten Sondergetriebeapplikationen. Mit unserer Kompetenz, basierend auf der langj\u00e4hrigen Erfahrung mit Planetengetrieben und dem Know-How der qualifizierten und motivierten Mitarbeiter, finden wir auch f\u00fcr Sie die ma\u00dfgeschneiderte Antriebsl\u00f6sung. Wir freuen uns auf Ihre Anfrage!<\/p>\n","protected":false},"author":1,"featured_media":140,"parent":0,"menu_order":0,"comment_status":"open","ping_status":"closed","template":"home.php","meta":{"footnotes":""},"class_list":["post-46","page","type-page","status-publish","has-post-thumbnail","hentry"],"yoast_head":"<!-- This site is optimized with the Yoast SEO plugin v23.8 - https:\/\/yoast.com\/wordpress\/plugins\/seo\/ -->\n<title>Hersteller von Planetengetrieben | Eisele Antriebstechnik GmbH<\/title>\n<meta name=\"description\" content=\"Langj\u00e4hrige Erfahrung mit Planetengetrieben \u2713 ausf\u00fchrliches Produktportfolio \u2713 preiswerte Standardgetriebe \u2713 spielarme Getriebe \u2713 effiziente Sondergetriebe\" \/>\n<meta name=\"robots\" content=\"index, follow, max-snippet:-1, max-image-preview:large, max-video-preview:-1\" \/>\n<link rel=\"canonical\" href=\"https:\/\/eisele-getriebe.de\/home\/startseite\/\" \/>\n<meta property=\"og:locale\" content=\"de_DE\" \/>\n<meta property=\"og:type\" content=\"article\" \/>\n<meta property=\"og:title\" content=\"Hersteller von Planetengetrieben | Eisele Antriebstechnik GmbH\" \/>\n<meta property=\"og:description\" content=\"Langj\u00e4hrige Erfahrung mit Planetengetrieben \u2713 ausf\u00fchrliches Produktportfolio \u2713 preiswerte Standardgetriebe \u2713 spielarme Getriebe \u2713 effiziente Sondergetriebe\" \/>\n<meta property=\"og:url\" content=\"https:\/\/eisele-getriebe.de\/home\/startseite\/\" \/>\n<meta property=\"og:site_name\" content=\"Eisele Antriebstechnik\" \/>\n<meta property=\"article:modified_time\" content=\"2021-05-07T09:22:59+00:00\" \/>\n<meta property=\"og:image\" content=\"https:\/\/eisele-getriebe.com\/wordpress\/wp-content\/uploads\/2015\/02\/eisele_getriebe_albstadt.jpg\" \/>\n\t<meta property=\"og:image:width\" content=\"300\" \/>\n\t<meta property=\"og:image:height\" content=\"197\" \/>\n\t<meta property=\"og:image:type\" content=\"image\/jpeg\" \/>\n<meta name=\"twitter:card\" content=\"summary_large_image\" \/>\n<script type=\"application\/ld+json\" class=\"yoast-schema-graph\">{\"@context\":\"https:\/\/schema.org\",\"@graph\":[{\"@type\":\"WebPage\",\"@id\":\"https:\/\/eisele-getriebe.de\/home\/startseite\/\",\"url\":\"https:\/\/eisele-getriebe.de\/home\/startseite\/\",\"name\":\"Hersteller von Planetengetrieben | Eisele Antriebstechnik GmbH\",\"isPartOf\":{\"@id\":\"https:\/\/eisele-getriebe.de\/home\/#website\"},\"primaryImageOfPage\":{\"@id\":\"https:\/\/eisele-getriebe.de\/home\/startseite\/#primaryimage\"},\"image\":{\"@id\":\"https:\/\/eisele-getriebe.de\/home\/startseite\/#primaryimage\"},\"thumbnailUrl\":\"https:\/\/eisele-getriebe.com\/wordpress\/wp-content\/uploads\/2015\/02\/eisele_getriebe_albstadt.jpg\",\"datePublished\":\"2015-02-24T23:01:23+00:00\",\"dateModified\":\"2021-05-07T09:22:59+00:00\",\"description\":\"Langj\u00e4hrige Erfahrung mit Planetengetrieben \u2713 ausf\u00fchrliches Produktportfolio \u2713 preiswerte Standardgetriebe \u2713 spielarme Getriebe \u2713 effiziente Sondergetriebe\",\"breadcrumb\":{\"@id\":\"https:\/\/eisele-getriebe.de\/home\/startseite\/#breadcrumb\"},\"inLanguage\":\"de\",\"potentialAction\":[{\"@type\":\"ReadAction\",\"target\":[\"https:\/\/eisele-getriebe.de\/home\/startseite\/\"]}]},{\"@type\":\"ImageObject\",\"inLanguage\":\"de\",\"@id\":\"https:\/\/eisele-getriebe.de\/home\/startseite\/#primaryimage\",\"url\":\"https:\/\/eisele-getriebe.com\/wordpress\/wp-content\/uploads\/2015\/02\/eisele_getriebe_albstadt.jpg\",\"contentUrl\":\"https:\/\/eisele-getriebe.com\/wordpress\/wp-content\/uploads\/2015\/02\/eisele_getriebe_albstadt.jpg\",\"width\":300,\"height\":197,\"caption\":\"Geb\u00e4ude Eisele Antriebstechnik Albstadt\"},{\"@type\":\"BreadcrumbList\",\"@id\":\"https:\/\/eisele-getriebe.de\/home\/startseite\/#breadcrumb\",\"itemListElement\":[{\"@type\":\"ListItem\",\"position\":1,\"name\":\"Startseite\",\"item\":\"https:\/\/eisele-getriebe.de\/home\/startseite\/\"},{\"@type\":\"ListItem\",\"position\":2,\"name\":\"Eisele Antriebstechnik GmbH\"}]},{\"@type\":\"WebSite\",\"@id\":\"https:\/\/eisele-getriebe.de\/home\/#website\",\"url\":\"https:\/\/eisele-getriebe.de\/home\/\",\"name\":\"Eisele Antriebstechnik\",\"description\":\"Hersteller von Planetengetrieben\",\"publisher\":{\"@id\":\"https:\/\/eisele-getriebe.de\/home\/#organization\"},\"potentialAction\":[{\"@type\":\"SearchAction\",\"target\":{\"@type\":\"EntryPoint\",\"urlTemplate\":\"https:\/\/eisele-getriebe.de\/home\/?s={search_term_string}\"},\"query-input\":{\"@type\":\"PropertyValueSpecification\",\"valueRequired\":true,\"valueName\":\"search_term_string\"}}],\"inLanguage\":\"de\"},{\"@type\":\"Organization\",\"@id\":\"https:\/\/eisele-getriebe.de\/home\/#organization\",\"name\":\"Eisele Antriebstechnik GmbH\",\"url\":\"https:\/\/eisele-getriebe.de\/home\/\",\"logo\":{\"@type\":\"ImageObject\",\"inLanguage\":\"de\",\"@id\":\"https:\/\/eisele-getriebe.de\/home\/#\/schema\/logo\/image\/\",\"url\":\"https:\/\/eisele-getriebe.com\/wordpress\/wp-content\/uploads\/2015\/02\/eisele_getriebe_albstadt1.jpg\",\"contentUrl\":\"https:\/\/eisele-getriebe.com\/wordpress\/wp-content\/uploads\/2015\/02\/eisele_getriebe_albstadt1.jpg\",\"width\":300,\"height\":197,\"caption\":\"Eisele Antriebstechnik GmbH\"},\"image\":{\"@id\":\"https:\/\/eisele-getriebe.de\/home\/#\/schema\/logo\/image\/\"}}]}<\/script>\n<!-- \/ Yoast SEO plugin. -->","yoast_head_json":{"title":"Hersteller von Planetengetrieben | Eisele Antriebstechnik GmbH","description":"Langj\u00e4hrige Erfahrung mit Planetengetrieben \u2713 ausf\u00fchrliches Produktportfolio \u2713 preiswerte Standardgetriebe \u2713 spielarme Getriebe \u2713 effiziente Sondergetriebe","robots":{"index":"index","follow":"follow","max-snippet":"max-snippet:-1","max-image-preview":"max-image-preview:large","max-video-preview":"max-video-preview:-1"},"canonical":"https:\/\/eisele-getriebe.de\/home\/startseite\/","og_locale":"de_DE","og_type":"article","og_title":"Hersteller von Planetengetrieben | Eisele Antriebstechnik GmbH","og_description":"Langj\u00e4hrige Erfahrung mit Planetengetrieben \u2713 ausf\u00fchrliches Produktportfolio \u2713 preiswerte Standardgetriebe \u2713 spielarme Getriebe \u2713 effiziente Sondergetriebe","og_url":"https:\/\/eisele-getriebe.de\/home\/startseite\/","og_site_name":"Eisele Antriebstechnik","article_modified_time":"2021-05-07T09:22:59+00:00","og_image":[{"width":300,"height":197,"url":"https:\/\/eisele-getriebe.com\/wordpress\/wp-content\/uploads\/2015\/02\/eisele_getriebe_albstadt.jpg","type":"image\/jpeg"}],"twitter_card":"summary_large_image","schema":{"@context":"https:\/\/schema.org","@graph":[{"@type":"WebPage","@id":"https:\/\/eisele-getriebe.de\/home\/startseite\/","url":"https:\/\/eisele-getriebe.de\/home\/startseite\/","name":"Hersteller von Planetengetrieben | Eisele Antriebstechnik GmbH","isPartOf":{"@id":"https:\/\/eisele-getriebe.de\/home\/#website"},"primaryImageOfPage":{"@id":"https:\/\/eisele-getriebe.de\/home\/startseite\/#primaryimage"},"image":{"@id":"https:\/\/eisele-getriebe.de\/home\/startseite\/#primaryimage"},"thumbnailUrl":"https:\/\/eisele-getriebe.com\/wordpress\/wp-content\/uploads\/2015\/02\/eisele_getriebe_albstadt.jpg","datePublished":"2015-02-24T23:01:23+00:00","dateModified":"2021-05-07T09:22:59+00:00","description":"Langj\u00e4hrige Erfahrung mit Planetengetrieben \u2713 ausf\u00fchrliches Produktportfolio \u2713 preiswerte Standardgetriebe \u2713 spielarme Getriebe \u2713 effiziente Sondergetriebe","breadcrumb":{"@id":"https:\/\/eisele-getriebe.de\/home\/startseite\/#breadcrumb"},"inLanguage":"de","potentialAction":[{"@type":"ReadAction","target":["https:\/\/eisele-getriebe.de\/home\/startseite\/"]}]},{"@type":"ImageObject","inLanguage":"de","@id":"https:\/\/eisele-getriebe.de\/home\/startseite\/#primaryimage","url":"https:\/\/eisele-getriebe.com\/wordpress\/wp-content\/uploads\/2015\/02\/eisele_getriebe_albstadt.jpg","contentUrl":"https:\/\/eisele-getriebe.com\/wordpress\/wp-content\/uploads\/2015\/02\/eisele_getriebe_albstadt.jpg","width":300,"height":197,"caption":"Geb\u00e4ude Eisele Antriebstechnik Albstadt"},{"@type":"BreadcrumbList","@id":"https:\/\/eisele-getriebe.de\/home\/startseite\/#breadcrumb","itemListElement":[{"@type":"ListItem","position":1,"name":"Startseite","item":"https:\/\/eisele-getriebe.de\/home\/startseite\/"},{"@type":"ListItem","position":2,"name":"Eisele Antriebstechnik GmbH"}]},{"@type":"WebSite","@id":"https:\/\/eisele-getriebe.de\/home\/#website","url":"https:\/\/eisele-getriebe.de\/home\/","name":"Eisele Antriebstechnik","description":"Hersteller von Planetengetrieben","publisher":{"@id":"https:\/\/eisele-getriebe.de\/home\/#organization"},"potentialAction":[{"@type":"SearchAction","target":{"@type":"EntryPoint","urlTemplate":"https:\/\/eisele-getriebe.de\/home\/?s={search_term_string}"},"query-input":{"@type":"PropertyValueSpecification","valueRequired":true,"valueName":"search_term_string"}}],"inLanguage":"de"},{"@type":"Organization","@id":"https:\/\/eisele-getriebe.de\/home\/#organization","name":"Eisele Antriebstechnik GmbH","url":"https:\/\/eisele-getriebe.de\/home\/","logo":{"@type":"ImageObject","inLanguage":"de","@id":"https:\/\/eisele-getriebe.de\/home\/#\/schema\/logo\/image\/","url":"https:\/\/eisele-getriebe.com\/wordpress\/wp-content\/uploads\/2015\/02\/eisele_getriebe_albstadt1.jpg","contentUrl":"https:\/\/eisele-getriebe.com\/wordpress\/wp-content\/uploads\/2015\/02\/eisele_getriebe_albstadt1.jpg","width":300,"height":197,"caption":"Eisele Antriebstechnik GmbH"},"image":{"@id":"https:\/\/eisele-getriebe.de\/home\/#\/schema\/logo\/image\/"}}]}},"_links":{"self":[{"href":"https:\/\/eisele-getriebe.de\/home\/wp-json\/wp\/v2\/pages\/46"}],"collection":[{"href":"https:\/\/eisele-getriebe.de\/home\/wp-json\/wp\/v2\/pages"}],"about":[{"href":"https:\/\/eisele-getriebe.de\/home\/wp-json\/wp\/v2\/types\/page"}],"author":[{"embeddable":true,"href":"https:\/\/eisele-getriebe.de\/home\/wp-json\/wp\/v2\/users\/1"}],"replies":[{"embeddable":true,"href":"https:\/\/eisele-getriebe.de\/home\/wp-json\/wp\/v2\/comments?post=46"}],"version-history":[{"count":6,"href":"https:\/\/eisele-getriebe.de\/home\/wp-json\/wp\/v2\/pages\/46\/revisions"}],"predecessor-version":[{"id":3061,"href":"https:\/\/eisele-getriebe.de\/home\/wp-json\/wp\/v2\/pages\/46\/revisions\/3061"}],"wp:featuredmedia":[{"embeddable":true,"href":"https:\/\/eisele-getriebe.de\/home\/wp-json\/wp\/v2\/media\/140"}],"wp:attachment":[{"href":"https:\/\/eisele-getriebe.de\/home\/wp-json\/wp\/v2\/media?parent=46"}],"curies":[{"name":"wp","href":"https:\/\/api.w.org\/{rel}","templated":true}]}}